{"id":7106,"date":"2025-12-05T10:53:09","date_gmt":"2025-12-05T10:53:09","guid":{"rendered":"https:\/\/www.klaverjasverenigingtroef.nl\/?page_id=7106"},"modified":"2026-02-24T13:15:23","modified_gmt":"2026-02-24T13:15:23","slug":"50-troef","status":"publish","type":"page","link":"https:\/\/www.klaverjasverenigingtroef.nl\/?page_id=7106","title":{"rendered":"50 Troef"},"content":{"rendered":"\n<div class=\"wp-block-group alignfull\" style=\"padding-top:var(--wp--preset--spacing--40);padding-right:var(--wp--preset--spacing--30);padding-bottom:var(--wp--preset--spacing--40);padding-left:var(--wp--preset--spacing--30)\"><div class=\"wp-block-group__inner-container is-layout-constrained wp-container-core-group-is-layout-a93d0d1d wp-block-group-is-layout-constrained\">\n<div class=\"wp-block-group alignwide is-vertical is-content-justification-center is-layout-flex wp-container-core-group-is-layout-9a7cdcfd wp-block-group-is-layout-flex\"><div class=\"is-default-size wp-block-site-logo\"><a href=\"https:\/\/www.klaverjasverenigingtroef.nl\/\" class=\"custom-logo-link\" rel=\"home\"><img loading=\"lazy\" decoding=\"async\" width=\"403\" height=\"353\" src=\"https:\/\/www.klaverjasverenigingtroef.nl\/wp-content\/uploads\/2026\/02\/cropped-Troef-1-2-2-1-2.png\" class=\"custom-logo\" alt=\"logo\" srcset=\"https:\/\/www.klaverjasverenigingtroef.nl\/wp-content\/uploads\/2026\/02\/cropped-Troef-1-2-2-1-2.png 403w, https:\/\/www.klaverjasverenigingtroef.nl\/wp-content\/uploads\/2026\/02\/cropped-Troef-1-2-2-1-2-300x263.png 300w\" sizes=\"auto, (max-width: 403px) 100vw, 403px\" \/><\/a><\/div>\n\n<h1 class=\"has-link-color wp-elements-9728cce79011b64628d7f6beff066787 wp-block-site-title has-text-color has-contrast-color has-large-font-size\"><a href=\"https:\/\/www.klaverjasverenigingtroef.nl\" target=\"_self\" rel=\"home\">Klaverjasverenigingtroef.nl<\/a><\/h1>\n\n<nav class=\"is-responsive items-justified-center wp-block-navigation is-content-justification-center is-layout-flex wp-container-core-navigation-is-layout-b636cbb1 wp-block-navigation-is-layout-flex\" aria-label=\"ervaar400jaar\" \n\t\t data-wp-interactive=\"core\/navigation\" data-wp-context='{\"overlayOpenedBy\":{\"click\":false,\"hover\":false,\"focus\":false},\"type\":\"overlay\",\"roleAttribute\":\"\",\"ariaLabel\":\"Menu\"}'><button aria-haspopup=\"dialog\" aria-label=\"Menu openen\" class=\"wp-block-navigation__responsive-container-open\" \n\t\t\t\tdata-wp-on--click=\"actions.openMenuOnClick\"\n\t\t\t\tdata-wp-on--keydown=\"actions.handleMenuKeydown\"\n\t\t\t><svg width=\"24\" height=\"24\" xmlns=\"http:\/\/www.w3.org\/2000\/svg\" viewBox=\"0 0 24 24\" aria-hidden=\"true\" focusable=\"false\"><path d=\"M4 7.5h16v1.5H4z\"><\/path><path d=\"M4 15h16v1.5H4z\"><\/path><\/svg><\/button>\n\t\t\t\t<div class=\"wp-block-navigation__responsive-container\"  id=\"modal-1\" \n\t\t\t\tdata-wp-class--has-modal-open=\"state.isMenuOpen\"\n\t\t\t\tdata-wp-class--is-menu-open=\"state.isMenuOpen\"\n\t\t\t\tdata-wp-watch=\"callbacks.initMenu\"\n\t\t\t\tdata-wp-on--keydown=\"actions.handleMenuKeydown\"\n\t\t\t\tdata-wp-on--focusout=\"actions.handleMenuFocusout\"\n\t\t\t\ttabindex=\"-1\"\n\t\t\t>\n\t\t\t\t\t<div class=\"wp-block-navigation__responsive-close\" tabindex=\"-1\">\n\t\t\t\t\t\t<div class=\"wp-block-navigation__responsive-dialog\" \n\t\t\t\tdata-wp-bind--aria-modal=\"state.ariaModal\"\n\t\t\t\tdata-wp-bind--aria-label=\"state.ariaLabel\"\n\t\t\t\tdata-wp-bind--role=\"state.roleAttribute\"\n\t\t\t>\n\t\t\t\t\t\t\t<button aria-label=\"Menu sluiten\" class=\"wp-block-navigation__responsive-container-close\" \n\t\t\t\tdata-wp-on--click=\"actions.closeMenuOnClick\"\n\t\t\t><svg xmlns=\"http:\/\/www.w3.org\/2000\/svg\" viewBox=\"0 0 24 24\" width=\"24\" height=\"24\" aria-hidden=\"true\" focusable=\"false\"><path d=\"m13.06 12 6.47-6.47-1.06-1.06L12 10.94 5.53 4.47 4.47 5.53 10.94 12l-6.47 6.47 1.06 1.06L12 13.06l6.47 6.47 1.06-1.06L13.06 12Z\"><\/path><\/svg><\/button>\n\t\t\t\t\t\t\t<div class=\"wp-block-navigation__responsive-container-content\" \n\t\t\t\tdata-wp-watch=\"callbacks.focusFirstElement\"\n\t\t\t id=\"modal-1-content\">\n\t\t\t\t\t\t\t\t<ul class=\"wp-block-navigation__container is-responsive items-justified-center wp-block-navigation\"><li class=\" wp-block-navigation-item  menu-item menu-item-type-post_type menu-item-object-page menu-item-home wp-block-navigation-link\"><a class=\"wp-block-navigation-item__content\"  href=\"https:\/\/www.klaverjasverenigingtroef.nl\/\" title=\"\"><span class=\"wp-block-navigation-item__label\">Home<\/span><\/a><\/li><li class=\" wp-block-navigation-item  menu-item menu-item-type-post_type menu-item-object-page wp-block-navigation-link\"><a class=\"wp-block-navigation-item__content\"  href=\"https:\/\/www.klaverjasverenigingtroef.nl\/?page_id=579\" title=\"\"><span class=\"wp-block-navigation-item__label\">Week Top 10<\/span><\/a><\/li><li class=\" wp-block-navigation-item  menu-item menu-item-type-post_type menu-item-object-page wp-block-navigation-link\"><a class=\"wp-block-navigation-item__content\"  href=\"https:\/\/www.klaverjasverenigingtroef.nl\/?page_id=21\" title=\"\"><span class=\"wp-block-navigation-item__label\">Competitiestand<\/span><\/a><\/li><li class=\" wp-block-navigation-item  menu-item menu-item-type-post_type menu-item-object-page wp-block-navigation-link\"><a class=\"wp-block-navigation-item__content\"  href=\"https:\/\/www.klaverjasverenigingtroef.nl\/?page_id=25\" title=\"\"><span class=\"wp-block-navigation-item__label\">Pitten<\/span><\/a><\/li><li class=\" wp-block-navigation-item  menu-item menu-item-type-post_type menu-item-object-page wp-block-navigation-link\"><a class=\"wp-block-navigation-item__content\"  href=\"https:\/\/www.klaverjasverenigingtroef.nl\/?page_id=27\" title=\"\"><span class=\"wp-block-navigation-item__label\">Spelregels<\/span><\/a><\/li><li class=\" wp-block-navigation-item  menu-item menu-item-type-post_type menu-item-object-page wp-block-navigation-link\"><a class=\"wp-block-navigation-item__content\"  href=\"https:\/\/www.klaverjasverenigingtroef.nl\/?page_id=17\" title=\"\"><span class=\"wp-block-navigation-item__label\">Reglement<\/span><\/a><\/li><\/ul><ul class=\"wp-block-navigation__container is-responsive items-justified-center wp-block-navigation\"><li class=\" wp-block-navigation-item  menu-item menu-item-type-post_type menu-item-object-page wp-block-navigation-link\"><a class=\"wp-block-navigation-item__content\"  href=\"https:\/\/www.klaverjasverenigingtroef.nl\/?page_id=7106\" title=\"\"><span class=\"wp-block-navigation-item__label\">50 Troef<\/span><\/a><\/li><\/ul>\n\t\t\t\t\t\t\t<\/div>\n\t\t\t\t\t\t<\/div>\n\t\t\t\t\t<\/div>\n\t\t\t\t<\/div><\/nav><\/div>\n<\/div><\/div>\n\n\n\n<p>KLAVERJASVERENIGING TROEF 50 JAAR<br>Gezelligheid is de mooiste troef<br>Door: Ruud Broekman<br>Klaverjasvereniging Troef bestond op 3 mei 2024 50 jaar. Zij is ontstaan door afsplitsing van klaverjasvereniging West; oorzaak was een verschil van inzicht tussen de leden. Een deel van klaverjasvereniging West ging opeigen wijze verder en KJV Troef is zelfstandig geworden en gestart op 3<br>mei 1974. Het motto is sinds een jaar of 15 \u2018gezelligheid is de mooiste troef\u2019.KJV Troef heeft in haar 50-jarig bestaan op verschillende locaties onderdak gevonden. Als eerste bij caf\u00e9 Halfweg van Jan Storm gevestigd aan de Kleinbaan. Daarna werd er gekaart bij de schietsportvereniging Prins Hendrik,<br>vervolgens bij De Bommerlunder (barkeeper Rob, later Kees met de(snor) in de Koningshoek, daarna rond 1981 in de Koningshof(beheerder Willemsteijn). Door oplopende huur is de verenigingnaar caf\u00e9 \u2019t Smitje bij dewethouder Smithal (beheerderNico de Niet) verkast. Deconstructie was: geen huur<br>betalen, maar wel consumptiesafrekenen. Vanaf 2001 wordt ergeklaverjast bij wijkverenigingDe Flat. Eerst nog in het gebouwaan de burgemeester Schwartzlaan, vervolgens in het noodgebouw aan de burgemeester Wesselinkstraat \u2013 door brand is het verenigingsgebouw aan de burgemeester<br>Schwartzlaan verloren gegaan \u2013 en sinds het najaar van 2014 in het nieuwegebouw van de wijkvereniging aan de Jan Schoutenlaan. Troef betaalt geen huur, maar alle leden moeten wel lid worden van wijkvereniging De Flat. Debaromzet is voor De Flat. De overeenkomst tussen De Flat en Troef loopt al vele jaren naar volle tevredenheid.<\/p>\n\n\n\n<figure class=\"wp-block-image size-large\"><img loading=\"lazy\" decoding=\"async\" width=\"1024\" height=\"664\" src=\"https:\/\/www.klaverjasverenigingtroef.nl\/wp-content\/uploads\/2026\/02\/snackbar-halfweg-WS0014-05-60-1024x664.jpg\" alt=\"\" class=\"wp-image-7187\" srcset=\"https:\/\/www.klaverjasverenigingtroef.nl\/wp-content\/uploads\/2026\/02\/snackbar-halfweg-WS0014-05-60-1024x664.jpg 1024w, https:\/\/www.klaverjasverenigingtroef.nl\/wp-content\/uploads\/2026\/02\/snackbar-halfweg-WS0014-05-60-300x194.jpg 300w, https:\/\/www.klaverjasverenigingtroef.nl\/wp-content\/uploads\/2026\/02\/snackbar-halfweg-WS0014-05-60-768x498.jpg 768w, https:\/\/www.klaverjasverenigingtroef.nl\/wp-content\/uploads\/2026\/02\/snackbar-halfweg-WS0014-05-60-1536x996.jpg 1536w, https:\/\/www.klaverjasverenigingtroef.nl\/wp-content\/uploads\/2026\/02\/snackbar-halfweg-WS0014-05-60-2048x1327.jpg 2048w, https:\/\/www.klaverjasverenigingtroef.nl\/wp-content\/uploads\/2026\/02\/snackbar-halfweg-WS0014-05-60-624x404.jpg 624w\" sizes=\"auto, (max-width: 1024px) 100vw, 1024px\" \/><figcaption class=\"wp-element-caption\">Ansichtkaart uit 1969 van Caf\u00e9 Restaurant Halfweg (&#8220;voor al uw patat en frikadellen&#8221;) van Jan Storm aan de Westlandseweg. Het restaurant was onderdeel van het tijdelijke winkelcentrum de Kleinbaan. Dit winkelcentrum was hier tijdelijk geplaatst voor de bewoners van de westwijk.Toen winkelcentrum Koningshoek gereed was verdween de Kleinbaan. *** Local Caption *** Achterop de kaart staan de gegevens van het cafetaria en het nummer 769 wat betekend dat de kaart in juli 1969 gedrukt is.<\/figcaption><\/figure>\n\n\n\n<p><br>Balloteren<br>In de jaren \u201970 en \u201980 was er een ballotagecommissie die beoordeelde of je lid<br>kon worden. Je moest een proeve van bekwaamheid afleggen, kortom je moest<br>wel een kaartje kunnen leggen. Nu kan iedereen lid worden en zo nodig worden<br>je in de loop van de eerste maanden diverse kneepjes van het spel bijgebracht.<br>Vroeger speelden veel klaverjasverenigingen \u2013 ook bij Troef \u2013 \u2018met het mes op<br>tafel\u2019. Er werd fanatiek geklaverjast en het chagrijn overheerste als je vaak<br>slechte kaarten kreeg. De avonden waren strak en goed georganiseerd.<br>De laatste 15 jaar is deklaverjasavond een goedgeorganiseerd sociaalgebeuren met de leus<br>\u2018gezelligheid is de mooistetroef\u2019.LedenverloopIn 1974 startte de verenigingmet 50 leden. Er gold toen<br>zelfs een ledenstop. De grenswas bij 50 actieve ledengetrokken. In 2020 had Troef54 leden, door corona en hetwegvallen van een aantal oudere leden en (te) weinig instroom van nieuwe (jonge) leden is het<br>ledenaantal nu (2025) net onder de 40 gekomen. Er zijn zowel mannen alsvrouwen lid. Veel leden zijn al jaren lid van de vereniging. Frank Monkhorst is vanaf het begin lid van de vereniging, zelfs toen hij verhuisde naar Drunen bleef hij de vereniging trouw en kwam wekelijks kaarten. Gelukkig zijn er ook een<br>aantal klaverjassers van buiten Maassluis lid geworden. Op hun beurtklaverjassen diverse leden van Troef geregeld buiten Maassluis in onder meer Maasland.Wie geen lid is, kan toch een aantal keren mee kaarten. Daarna besluit diegeneom lid te worden of om af te haken.Bedrijfscompetities.Vanaf de jaren 50 van de vorige eeuw werden in de thuissituatie vaakgezelschapsspelletjes gedaan, zoals dammen, schaken, ganzenborden,monopolie, menserger je niet (dus wel), domino en diverse kaartspelen<br>waaronder klaverjassen. Velen hebben van hun ouders of opa en oma lerenklaverjassen.Geklaverjast werd en wordt er ook bij bedrijven tijdens de lunchpauze, bij personeelsverenigingen, op scholen tijdens de pauze, in caf\u00e9s, in militaire dienst (dienstplichtige militairen), bij diverse sportverenigingen en wijkverenigingen en ook tijdens vakanties. In de jaren \u201950 tot en met \u201970 hebbendiverse in Maassluis gevestigde bedrijven een eigen klaverjasclub\/-vereniginggehad die al of niet onderdeel van de personeelsvereniging was. Die clubsspeelden onderling bedrijfscompetities en toernooien tegen andere<br>klaverjasclubs.De Vereenigde Touwfabriek Maassluis had een eigen klaverjasclub. Van<br>Tonnenmakerij De Neef en van de Walramiet is ook bekend dat zij een eigenklaverjasclub had. Er zijn ongetwijfeld meer bedrijven die dat hadden.In de jaren \u201960 en \u201970 werd er in Maassluis in gebouw De Kern (eigenaargebouw FNV en beheerder Jan Groen) jaarlijks het Maassluise kampioenschap<br>verspeeld, georganiseerd door klaverjasvereniging De Kern, onder de vlag vande NKU, Nederlandse Klaverjas Unie. Er waren op diverse zaterdagmiddagenvoorrondes waarbij men zich kon plaatsen voor de finale. Mooie prijzen waren er te winnen: Poefen van Futura,vloerbedekking (jabo) van de VereenigdeTouwfabriek(bijkomstigheid: als je op je knie\u00ebnop de vloerbedekking had gezeten<br>verdween de afdruk op je knie\u00ebn pasna 20 minuten) en meer waardevolleprijzen.<\/p>\n\n\n\n<figure class=\"wp-block-image size-large\"><img loading=\"lazy\" decoding=\"async\" width=\"1024\" height=\"668\" src=\"https:\/\/www.klaverjasverenigingtroef.nl\/wp-content\/uploads\/2026\/02\/gebouw-de-Kern-1024x668.jpg\" alt=\"\" class=\"wp-image-7188\" srcset=\"https:\/\/www.klaverjasverenigingtroef.nl\/wp-content\/uploads\/2026\/02\/gebouw-de-Kern-1024x668.jpg 1024w, https:\/\/www.klaverjasverenigingtroef.nl\/wp-content\/uploads\/2026\/02\/gebouw-de-Kern-300x196.jpg 300w, https:\/\/www.klaverjasverenigingtroef.nl\/wp-content\/uploads\/2026\/02\/gebouw-de-Kern-768x501.jpg 768w, https:\/\/www.klaverjasverenigingtroef.nl\/wp-content\/uploads\/2026\/02\/gebouw-de-Kern-1536x1001.jpg 1536w, https:\/\/www.klaverjasverenigingtroef.nl\/wp-content\/uploads\/2026\/02\/gebouw-de-Kern-2048x1335.jpg 2048w, https:\/\/www.klaverjasverenigingtroef.nl\/wp-content\/uploads\/2026\/02\/gebouw-de-Kern-624x407.jpg 624w\" sizes=\"auto, (max-width: 1024px) 100vw, 1024px\" \/><figcaption class=\"wp-element-caption\">Het gebouw De Kern aan de P.C. Hooftlaan in1969, destijds nog het verenigingsgebouw van het Nederlands Verbond van Vakverenigingen (NVV). Rechts ernaast bakker J. van Eendenburg en daarnaast caf\u00e9 &#8216;De Brug&#8217; van C. Hogeman.<\/figcaption><\/figure>\n\n\n\n<p>Begin jaren \u201980 deed Troef met eenafvaardiging van haar leden mee aan verenigingentoernooien en<br>competities en speelde tegenklaverjasverenigingen uit onder<br>meer Den Haag, Spijkenisse en Rotterdam.Klaverjasvereniging Troef houdt gedurende een half jaar competitieavonden,waarbij je ook losse avonden kan meedoen. Daarnaast organiseert de<br>vereniging nog steeds klaverjastoernooien zoals oliebollentoernooi,koppeltoernooi, valentijntoernooi. Deze toernooien beslaan een halve dag.Eind december 2024 hield Troef een oliebollentoernooi met maar liefst 17tafels. Dat zijn 68 deelnemers; 4 deelnemers per tafel. Ongeveer de helft van dekaarters kwam uit Maassluis, de andere helft uit Maasland en Schipluiden eneen enkeling kwam uit Rhoon en Rotterdam. Gezelligheid en saamhorigheidvieren de boventoon. Over belangstelling niets te klagen. Internationaal<br>In Frankrijk en Noord-Amerika zijn vergelijkbare spellen bekend onderrespectievelijk de namen Belote en Tarbish. In de boeken van Henri Charierre,Papillon en Banco staat beschreven dat in de Franse strafkolonie, het bagno, dedwangarbeiders dit spel speelden. In Zwitserland is het afgeleide spel Jass zeer populair. De Nederlandse naam is afgeleid van het oude begrip jas, dat staat<br>voor de boer, als hoogste troef, afkomstig van de Franse term jacques voor de<br>boer.Spelvariaties en spelsysteem Velen hebben op jonge leeftijd thuis leren klaverjassen. Variaties van \u00e9\u00e9n tegen \u00e9\u00e9n, twee tegen twee en ook de variant met drie personen klaverjassen bestaan.<br>Het leukst is om met een maat tegen twee anderen te kaarten. Doorgaans speel<br>je klaverjas dan ook met z\u2019n vieren.Spelen volgens het Rotterdamse systeem: verplicht troeven als je de gevraagdekleur niet hebt. Volgens het Amsterdamse systeem: verplicht troeven als je degevraagde kleur niet hebt tenzij de slag aan je maat ligt. Verder zijn er variatiesin speelmethodes: verplicht gaan, troef draaien, ieder mag om beurt zeggen of men gaat of niet, enzovoort.Alleen de piketkaarten worden bij<br>klaverjas gebruikt: de 32 kaartenvan 7 en hoger, inclusief de azen.Om zuiver te spelen en niet te<br>\u2018steken\u2019 worden de speelkaarten geschud en afgenomen. Het delenvan de kaarten over de vier<br>deelnemers gaat 4 om 4 of 3, 2, 3.De kaarten worden kloksgewijs gedeeld, iedere speler ontvangt er<br>acht. Een complete wedstrijd bestaat uit zestien spellen (boompje)<br>waarbij alle de vier spelers vier keer delen. Een andere veel gespeeldevariant is dat er gespeeld wordt<br>totdat een van de paren 1.500 punten vergaard heeft. In de praktijk komt dit vaak op hetzelfde neer. Kortom er zijn veel mogelijkheden. Elke vereniging kiest vooraf welk spelsysteem men speelt.<br>Met de klaverjaskaarten zijn er \u2018seinsystemen\u2019 om zodoende je maat te laten weten welke kaarten je hebt. Opseinen, vuilseinen, kleintje boer, kleintje negen,hierin is de speler met zijn maat vrij van keuze. LedenwervingIn 2014 hebben klaverjasvereniging Troef, Excelsior-M en kaartclub de Vloot<br>van seniorenwelzijn in de Koningshof een groot klaverjastoernooigeorganiseerd ter gelegenheid van de viering van 400 jaar Maassluis. Het was\u2018volle bak\u2019.<br>De gemeente Maassluis organiseert sinds een aantal jaren de DoeMeeMarkt in<br>de Koningshof, waarbij diverse verenigingen zich presenteren. Ook Troef is<br>daarbij aanwezig, belangstellenden kunnen een potje kaarten onder leiding van<br>Troef. Er wordt dan aan ledenwerving gedaan.<\/p>\n\n\n\n<figure class=\"wp-block-image size-large\"><img loading=\"lazy\" decoding=\"async\" width=\"1024\" height=\"768\" src=\"https:\/\/www.klaverjasverenigingtroef.nl\/wp-content\/uploads\/2026\/02\/Doe-Mee-Markt-Gerard-en-Jos-1024x768.jpg\" alt=\"\" class=\"wp-image-7186\" srcset=\"https:\/\/www.klaverjasverenigingtroef.nl\/wp-content\/uploads\/2026\/02\/Doe-Mee-Markt-Gerard-en-Jos-1024x768.jpg 1024w, https:\/\/www.klaverjasverenigingtroef.nl\/wp-content\/uploads\/2026\/02\/Doe-Mee-Markt-Gerard-en-Jos-300x225.jpg 300w, https:\/\/www.klaverjasverenigingtroef.nl\/wp-content\/uploads\/2026\/02\/Doe-Mee-Markt-Gerard-en-Jos-768x576.jpg 768w, https:\/\/www.klaverjasverenigingtroef.nl\/wp-content\/uploads\/2026\/02\/Doe-Mee-Markt-Gerard-en-Jos-1536x1152.jpg 1536w, https:\/\/www.klaverjasverenigingtroef.nl\/wp-content\/uploads\/2026\/02\/Doe-Mee-Markt-Gerard-en-Jos-2048x1536.jpg 2048w, https:\/\/www.klaverjasverenigingtroef.nl\/wp-content\/uploads\/2026\/02\/Doe-Mee-Markt-Gerard-en-Jos-624x468.jpg 624w\" sizes=\"auto, (max-width: 1024px) 100vw, 1024px\" \/><\/figure>\n\n\n\n<p>Foto DoeMeeMarkt2025. Sinds 2013 heeft de klaverjasvereniging een eigen website, waarop onder meer hetreglement, de spelregels,contributiebijdrage, toernooiinformatie en uitslagen van deonderlinge competitie te vinden<br>zijn.www.klaverjasverenigingtroef.nl Belangstelling of meer weten over klaverjassen? Op dinsdagavond<br>van september tot en met mei is het klaverjassen vanaf 19.15 uur inwijkgebouw De Flat.<br>Met dank aan Anneke Louwen, Frank Monkhorst en Jos van Schaijk, bestuur en leden klaverjasvereniging Wikipedia.nl<\/p>\n","protected":false},"excerpt":{"rendered":"<p>KLAVERJASVERENIGING TROEF 50 JAARGezelligheid is de mooiste troefDoor: Ruud BroekmanKlaverjasvereniging Troef bestond op 3 mei 2024 50 jaar. Zij is ontstaan door afsplitsing van klaverjasvereniging West; oorzaak was een verschil van inzicht tussen de leden. Een deel van klaverjasvereniging West ging opeigen wijze verder en KJV Troef is zelfstandig geworden en gestart op 3mei 1974. [&hellip;]<\/p>\n","protected":false},"author":2,"featured_media":0,"parent":0,"menu_order":0,"comment_status":"closed","ping_status":"closed","template":"","meta":{"footnotes":""},"class_list":["post-7106","page","type-page","status-publish","hentry"],"_links":{"self":[{"href":"https:\/\/www.klaverjasverenigingtroef.nl\/index.php?rest_route=\/wp\/v2\/pages\/7106","targetHints":{"allow":["GET"]}}],"collection":[{"href":"https:\/\/www.klaverjasverenigingtroef.nl\/index.php?rest_route=\/wp\/v2\/pages"}],"about":[{"href":"https:\/\/www.klaverjasverenigingtroef.nl\/index.php?rest_route=\/wp\/v2\/types\/page"}],"author":[{"embeddable":true,"href":"https:\/\/www.klaverjasverenigingtroef.nl\/index.php?rest_route=\/wp\/v2\/users\/2"}],"replies":[{"embeddable":true,"href":"https:\/\/www.klaverjasverenigingtroef.nl\/index.php?rest_route=%2Fwp%2Fv2%2Fcomments&post=7106"}],"version-history":[{"count":8,"href":"https:\/\/www.klaverjasverenigingtroef.nl\/index.php?rest_route=\/wp\/v2\/pages\/7106\/revisions"}],"predecessor-version":[{"id":7219,"href":"https:\/\/www.klaverjasverenigingtroef.nl\/index.php?rest_route=\/wp\/v2\/pages\/7106\/revisions\/7219"}],"wp:attachment":[{"href":"https:\/\/www.klaverjasverenigingtroef.nl\/index.php?rest_route=%2Fwp%2Fv2%2Fmedia&parent=7106"}],"curies":[{"name":"wp","href":"https:\/\/api.w.org\/{rel}","templated":true}]}}